{"id":326,"date":"2018-05-15T19:50:48","date_gmt":"2018-05-15T19:50:48","guid":{"rendered":"http:\/\/wordpress.fluechtlingshilfe-leidersbach.de\/?page_id=326"},"modified":"2018-05-15T19:50:48","modified_gmt":"2018-05-15T19:50:48","slug":"impressum","status":"publish","type":"page","link":"http:\/\/fluechtlingshilfe-leidersbach.de\/?page_id=326","title":{"rendered":"Impressum"},"content":{"rendered":"<p>Angaben gem\u00e4\u00df \u00a7 5 TMG:<\/p>\n<p>Fl\u00fcchtlingshilfe Leidersbach<br \/>\nHauptstra\u00dfe 118<br \/>\n63849 Leidersbach<\/p>\n<p>Vertreten durch:<\/p>\n<p>Volker R\u00fcppel<br \/>\nJ\u00f6rg Frie\u00df<\/p>\n<p>Kontakt:<\/p>\n<p><a href=\"mailto:vorstandschaft@fluechtlingshilfe-leidersbach.de\">vorstandschaft@fluechtlingshilfe-leidersbach.de<\/a><\/p>\n","protected":false},"excerpt":{"rendered":"<p>Angaben gem\u00e4\u00df \u00a7 5 TMG: Fl\u00fcchtlingshilfe Leidersbach Hauptstra\u00dfe 118 63849 Leidersbach Vertreten durch: Volker R\u00fcppel J\u00f6rg Frie\u00df Kontakt: vorstandschaft@fluechtlingshilfe-leidersbach.de<\/p>\n","protected":false},"author":1,"featured_media":0,"parent":0,"menu_order":0,"comment_status":"closed","ping_status":"closed","template":"","meta":[],"_links":{"self":[{"href":"http:\/\/fluechtlingshilfe-leidersbach.de\/index.php?rest_route=\/wp\/v2\/pages\/326"}],"collection":[{"href":"http:\/\/fluechtlingshilfe-leidersbach.de\/index.php?rest_route=\/wp\/v2\/pages"}],"about":[{"href":"http:\/\/fluechtlingshilfe-leidersbach.de\/index.php?rest_route=\/wp\/v2\/types\/page"}],"author":[{"embeddable":true,"href":"http:\/\/fluechtlingshilfe-leidersbach.de\/index.php?rest_route=\/wp\/v2\/users\/1"}],"replies":[{"embeddable":true,"href":"http:\/\/fluechtlingshilfe-leidersbach.de\/index.php?rest_route=%2Fwp%2Fv2%2Fcomments&post=326"}],"version-history":[{"count":1,"href":"http:\/\/fluechtlingshilfe-leidersbach.de\/index.php?rest_route=\/wp\/v2\/pages\/326\/revisions"}],"predecessor-version":[{"id":327,"href":"http:\/\/fluechtlingshilfe-leidersbach.de\/index.php?rest_route=\/wp\/v2\/pages\/326\/revisions\/327"}],"wp:attachment":[{"href":"http:\/\/fluechtlingshilfe-leidersbach.de\/index.php?rest_route=%2Fwp%2Fv2%2Fmedia&parent=326"}],"curies":[{"name":"wp","href":"https:\/\/api.w.org\/{rel}","templated":true}]}}